{"id":2874,"date":"2019-02-28T12:28:04","date_gmt":"2019-02-28T18:28:04","guid":{"rendered":"http:\/\/avarci.mx\/?page_id=2874"},"modified":"2022-10-26T12:51:40","modified_gmt":"2022-10-26T18:51:40","slug":"nosotros","status":"publish","type":"page","link":"https:\/\/avarci.mx\/?page_id=2874","title":{"rendered":"Nosotros"},"content":{"rendered":"<p>[vc_row css=\u201d.vc_custom_1482143965831{margin-top: 0px !important;margin-right: 0px !important;margin-bottom: 0px !important;margin-left: 0px !important;border-top-width: 0px !important;border-right-width: 0px !important;border-bottom-width: 0px !important;border-left-width: 0px !important;padding-top: 0px !important;padding-right: 0px !important;padding-bottom: 0px !important;padding-left: 0px !important;background-color: #f6f6f6 !important;}\u201d][vc_column css=\u201d.vc_custom_1493903527041{margin-top: 0px !important;margin-right: 0px !important;margin-bottom: 0px !important;margin-left: 0px !important;border-top-width: 0px !important;border-right-width: 0px !important;border-bottom-width: 0px !important;border-left-width: 0px !important;padding-top: 40px !important;padding-right: 15px !important;padding-bottom: 15px !important;padding-left: 40px !important;}\u201d offset=\u201dvc_col-lg-8 vc_col-md-8 vc_col-xs-12\u2033][vc_custom_heading text=\u201dMisi\u00f3n\u201d font_container=\u201dtag:h3|font_size:30|text_align:left\u201d use_theme_fonts=\u201dyes\u201d][vc_column_text 0=\u201d\u201d]\u2026Mantener firme nuestro compromiso con nuestros clientes para proporcionarles herramientas y refacciones para aires acondicionados, refrigeraci\u00f3n, l\u00ednea blanca, extracci\u00f3n que cumplan con las normas de calidad.<br \/>\nApoyar a los clientes que nos complacen con su preferencia, haciendo uso correcto en la administraci\u00f3n de todos nuestros recursos (humanos, t\u00e9cnicos, materiales y financieros).[\/vc_column_text][vc_custom_heading text=\u201dVisi\u00f3n\u201d font_container=\u201dtag:h3|font_size:30|text_align:left\u201d use_theme_fonts=\u201dyes\u201d][vc_column_text 0=\u201d\u201d]\u2026Convertirnos en una empresa l\u00edder a nivel nacional que satisfaga las necesidades de nuestros clientes, as\u00ed como mejorar nuestros productos a trav\u00e9s de los avances tecnol\u00f3gicos, implementar la mejora continua como medio hacia la excelencia y que \u00e9sta forme parte de la cultura de nuestro personal.[\/vc_column_text][\/vc_column][vc_column width=\u201d1\/3\u2033 css=\u201d.vc_custom_1493903468858{margin-top: 0px !important;margin-right: 0px !important;margin-bottom: 0px !important;border-top-width: 0px !important;border-right-width: 0px !important;border-bottom-width: 0px !important;padding-top: 0px !important;padding-right: 0px !important;padding-bottom: 0px !important;}\u201d offset=\u201dvc_hidden-sm vc_hidden-xs\u201d][vc_single_image image=\u201d3237\u2033 img_size=\u201dlarge\u201d alignment=\u201dcenter\u201d css=\u201d.vc_custom_1610129143095{margin-bottom: 0px !important;border-bottom-width: 0px !important;padding-bottom: 0px !important;}\u201d][\/vc_column][\/vc_row][vc_row 0=\u201d\u201d][vc_column width=\u201d1\/3\u2033 offset=\u201dvc_col-lg-2 vc_col-md-2 vc_col-xs-6\u2033][vc_icon icon_bikeway=\u201dbw-icon-bike-cassette\u201d type=\u201dbikeway\u201d color=\u201dcustom\u201d size=\u201dxl\u201d align=\u201dcenter\u201d css_animation=\u201dfadeInUp\u201d custom_color=\u201d#9f9f9f\u201d css=\u201d.vc_custom_1610122864329{margin-bottom: 20px !important;border-bottom-width: 0px !important;padding-bottom: 0px !important;}\u201d][vc_column_text 0=\u201d\u201d]<\/p>\n<p style=\"text-align: center;\"><strong>CALIDAD<\/strong><\/p>\n<p>[\/vc_column_text][\/vc_column][vc_column width=\u201d1\/3\u2033 offset=\u201dvc_col-lg-2 vc_col-md-2 vc_col-xs-6\u2033][vc_icon icon_bikeway=\u201dbw-icon-bike-delivery\u201d type=\u201dbikeway\u201d color=\u201dcustom\u201d size=\u201dxl\u201d align=\u201dcenter\u201d css_animation=\u201dfadeInUp\u201d custom_color=\u201d#9f9f9f\u201d css=\u201d.vc_custom_1482314505747{margin-bottom: 20px !important;border-bottom-width: 0px !important;padding-bottom: 0px !important;}\u201d][vc_column_text 0=\u201d\u201d]<\/p>\n<p style=\"text-align: center;\"><strong>HONESTIDAD<\/strong><\/p>\n<p>[\/vc_column_text][\/vc_column][vc_column width=\u201d1\/3\u2033 offset=\u201dvc_col-lg-2 vc_col-md-2 vc_col-xs-6\u2033][vc_icon icon_fontawesome=\u201dfa fa-hourglass-end\u201d color=\u201dcustom\u201d size=\u201dxl\u201d align=\u201dcenter\u201d css_animation=\u201dfadeInUp\u201d custom_color=\u201d#9f9f9f\u201d css=\u201d.vc_custom_1610123681086{margin-bottom: 20px !important;border-bottom-width: 0px !important;padding-bottom: 0px !important;}\u201d][vc_column_text 0=\u201d\u201d]<\/p>\n<p style=\"text-align: center;\"><strong>PUNTUALIDAD<\/strong><\/p>\n<p>[\/vc_column_text][\/vc_column][vc_column width=\u201d1\/3\u2033 offset=\u201dvc_col-lg-2 vc_col-md-2 vc_col-xs-6\u2033][vc_icon icon_fontawesome=\u201dfa fa-compass\u201d color=\u201dcustom\u201d size=\u201dxl\u201d align=\u201dcenter\u201d css_animation=\u201dfadeInUp\u201d custom_color=\u201d#9f9f9f\u201d css=\u201d.vc_custom_1610123852675{margin-bottom: 20px !important;border-bottom-width: 0px !important;padding-bottom: 0px !important;}\u201d][vc_column_text 0=\u201d\u201d]<\/p>\n<p style=\"text-align: center;\"><strong>ORIENTACI\u00d3N AL CLIENTE<\/strong><\/p>\n<p>[\/vc_column_text][\/vc_column][vc_column width=\u201d1\/3\u2033 offset=\u201dvc_col-lg-2 vc_col-md-2 vc_col-xs-6\u2033][vc_icon icon_fontawesome=\u201dfa fa-users\u201d color=\u201dcustom\u201d size=\u201dxl\u201d align=\u201dcenter\u201d css_animation=\u201dfadeInUp\u201d custom_color=\u201d#9f9f9f\u201d css=\u201d.vc_custom_1610123926208{margin-bottom: 20px !important;border-bottom-width: 0px !important;padding-bottom: 0px !important;}\u201d][vc_column_text 0=\u201d\u201d]<\/p>\n<p style=\"text-align: center;\"><strong>TRABAJO EN EQUIPO<\/strong><\/p>\n<p>[\/vc_column_text][\/vc_column][vc_column width=\u201d1\/3\u2033 offset=\u201dvc_col-lg-2 vc_col-md-2 vc_col-xs-6\u2033][vc_icon icon_fontawesome=\u201dfa fa-bullhorn\u201d color=\u201dcustom\u201d size=\u201dxl\u201d align=\u201dcenter\u201d css_animation=\u201dfadeInUp\u201d custom_color=\u201d#9f9f9f\u201d css=\u201d.vc_custom_1610124065611{margin-bottom: 20px !important;border-bottom-width: 0px !important;padding-bottom: 0px !important;}\u201d][vc_column_text 0=\u201d\u201d]<\/p>\n<p style=\"text-align: center;\"><strong>CONFIANZA<\/strong><\/p>\n<p>[\/vc_column_text][\/vc_column][\/vc_row]<\/p>\n","protected":false},"excerpt":{"rendered":"<p>[vc_row css=\u201d.vc_custom_1482143965831{margin-top: 0px !important;margin-right: 0px !important;margin-bottom: 0px !important;margin-left: 0px !important;border-top-width: 0px !important;border-right-width: 0px !important;border-bottom-width: 0px !important;border-left-width: 0px !important;padding-top: 0px !important;padding-right: 0px !important;padding-bottom: 0px !important;padding-left: 0px !important;background-color: #f6f6f6 !important;}\u201d][vc_column css=\u201d.vc_custom_1493903527041{margin-top: 0px !important;margin-right: 0px !important;margin-bottom: 0px !important;margin-left: 0px !important;border-top-width: 0px !important;border-right-width: 0px !important;border-bottom-width: 0px !important;border-left-width: 0px !important;padding-top: 40px !important;padding-right: 15px !important;padding-bottom: 15px !important;padding-left: 40px !important;}\u201d offset=\u201dvc_col-lg-8 vc_col-md-8 [&hellip;]<\/p>\n","protected":false},"author":1,"featured_media":0,"parent":0,"menu_order":0,"comment_status":"closed","ping_status":"closed","template":"","meta":[],"_links":{"self":[{"href":"https:\/\/avarci.mx\/index.php?rest_route=\/wp\/v2\/pages\/2874"}],"collection":[{"href":"https:\/\/avarci.mx\/index.php?rest_route=\/wp\/v2\/pages"}],"about":[{"href":"https:\/\/avarci.mx\/index.php?rest_route=\/wp\/v2\/types\/page"}],"author":[{"embeddable":true,"href":"https:\/\/avarci.mx\/index.php?rest_route=\/wp\/v2\/users\/1"}],"replies":[{"embeddable":true,"href":"https:\/\/avarci.mx\/index.php?rest_route=%2Fwp%2Fv2%2Fcomments&post=2874"}],"version-history":[{"count":9,"href":"https:\/\/avarci.mx\/index.php?rest_route=\/wp\/v2\/pages\/2874\/revisions"}],"predecessor-version":[{"id":3460,"href":"https:\/\/avarci.mx\/index.php?rest_route=\/wp\/v2\/pages\/2874\/revisions\/3460"}],"wp:attachment":[{"href":"https:\/\/avarci.mx\/index.php?rest_route=%2Fwp%2Fv2%2Fmedia&parent=2874"}],"curies":[{"name":"wp","href":"https:\/\/api.w.org\/{rel}","templated":true}]}}