{"id":2908,"date":"2019-07-11T17:07:21","date_gmt":"2019-07-11T23:07:21","guid":{"rendered":"http:\/\/avarci.mx\/?post_type=product&#038;p=2908"},"modified":"2022-10-25T09:57:25","modified_gmt":"2022-10-25T15:57:25","slug":"capacitor-de-50-mfd-a-440v-370v","status":"publish","type":"product","link":"https:\/\/avarci.mx\/?product=capacitor-de-50-mfd-a-440v-370v","title":{"rendered":"Capacitor de 50 MFD a 440V\/370V"},"content":{"rendered":"<p style=\"text-align: left;\">La gama de capacitores de marcha son fabricados asegurando su calidad, que cuenten con un mejor desempe\u00f1o y mayor durabilidad.<\/p>\n<p style=\"text-align: left;\">Cuentan con la protecci\u00f3n P2, el cu\u00e1l\u00a0esta dise\u00f1ado para fallar solo en un estado de circuito abierto, no suelta l\u00edquidos y es ign\u00edfugo o a prueba de explosiones.<\/p>\n<p style=\"text-align: left;\">Tambi\u00e9n trabaja con Aceite Vegetal, por lo que ofrece un mejor desempe\u00f1o en su funcionamiento, no es toxico y no da\u00f1a el medio ambiente.<\/p>\n<p>\u00a0<\/p>\n","protected":false},"excerpt":{"rendered":"<p>&nbsp;<\/p>\n<p>&nbsp;<\/p>\n","protected":false},"featured_media":3408,"comment_status":"closed","ping_status":"closed","template":"","meta":[],"product_cat":[113],"product_tag":[],"_links":{"self":[{"href":"https:\/\/avarci.mx\/index.php?rest_route=\/wp\/v2\/product\/2908"}],"collection":[{"href":"https:\/\/avarci.mx\/index.php?rest_route=\/wp\/v2\/product"}],"about":[{"href":"https:\/\/avarci.mx\/index.php?rest_route=\/wp\/v2\/types\/product"}],"replies":[{"embeddable":true,"href":"https:\/\/avarci.mx\/index.php?rest_route=%2Fwp%2Fv2%2Fcomments&post=2908"}],"wp:featuredmedia":[{"embeddable":true,"href":"https:\/\/avarci.mx\/index.php?rest_route=\/wp\/v2\/media\/3408"}],"wp:attachment":[{"href":"https:\/\/avarci.mx\/index.php?rest_route=%2Fwp%2Fv2%2Fmedia&parent=2908"}],"wp:term":[{"taxonomy":"product_cat","embeddable":true,"href":"https:\/\/avarci.mx\/index.php?rest_route=%2Fwp%2Fv2%2Fproduct_cat&post=2908"},{"taxonomy":"product_tag","embeddable":true,"href":"https:\/\/avarci.mx\/index.php?rest_route=%2Fwp%2Fv2%2Fproduct_tag&post=2908"}],"curies":[{"name":"wp","href":"https:\/\/api.w.org\/{rel}","templated":true}]}}