{"id":2957,"date":"2019-07-25T17:25:31","date_gmt":"2019-07-25T23:25:31","guid":{"rendered":"http:\/\/avarci.mx\/?post_type=product&#038;p=2957"},"modified":"2022-10-24T17:27:20","modified_gmt":"2022-10-24T23:27:20","slug":"neroflex-5-8-x-3-8","status":"publish","type":"product","link":"https:\/\/avarci.mx\/?product=neroflex-5-8-x-3-8","title":{"rendered":"NEROFLEX 5\/8 X 3\/8"},"content":{"rendered":"<p>Neroflex nace del trabajo de innovaci\u00f3n de Avarci. Compite con las mejores marcas del mercado en est\u00e1ndares de calidad y duraci\u00f3n. Cuenta con grandes avances de tecnolog\u00eda como a la resistencia a la humedad, conductividad t\u00e9rmica estable y resistencia a cambios clim\u00e1ticos. Para refrigeraci\u00f3n y climatizaci\u00f3n.<\/p>\n<p>\u00a0<\/p>\n","protected":false},"excerpt":{"rendered":"<p>Cantidad m\u00ednima de compra 90 Pza.<\/p>\n","protected":false},"featured_media":3382,"comment_status":"closed","ping_status":"closed","template":"","meta":[],"product_cat":[119],"product_tag":[],"_links":{"self":[{"href":"https:\/\/avarci.mx\/index.php?rest_route=\/wp\/v2\/product\/2957"}],"collection":[{"href":"https:\/\/avarci.mx\/index.php?rest_route=\/wp\/v2\/product"}],"about":[{"href":"https:\/\/avarci.mx\/index.php?rest_route=\/wp\/v2\/types\/product"}],"replies":[{"embeddable":true,"href":"https:\/\/avarci.mx\/index.php?rest_route=%2Fwp%2Fv2%2Fcomments&post=2957"}],"wp:featuredmedia":[{"embeddable":true,"href":"https:\/\/avarci.mx\/index.php?rest_route=\/wp\/v2\/media\/3382"}],"wp:attachment":[{"href":"https:\/\/avarci.mx\/index.php?rest_route=%2Fwp%2Fv2%2Fmedia&parent=2957"}],"wp:term":[{"taxonomy":"product_cat","embeddable":true,"href":"https:\/\/avarci.mx\/index.php?rest_route=%2Fwp%2Fv2%2Fproduct_cat&post=2957"},{"taxonomy":"product_tag","embeddable":true,"href":"https:\/\/avarci.mx\/index.php?rest_route=%2Fwp%2Fv2%2Fproduct_tag&post=2957"}],"curies":[{"name":"wp","href":"https:\/\/api.w.org\/{rel}","templated":true}]}}