{"id":2999,"date":"2019-08-23T17:00:05","date_gmt":"2019-08-23T23:00:05","guid":{"rendered":"http:\/\/avarci.mx\/?post_type=product&#038;p=2999"},"modified":"2022-10-24T17:23:05","modified_gmt":"2022-10-24T23:23:05","slug":"capacitor-de-40-5-mfd-a-440v-370v","status":"publish","type":"product","link":"https:\/\/avarci.mx\/?product=capacitor-de-40-5-mfd-a-440v-370v","title":{"rendered":"Capacitor de 40 + 5 MFD a 440V\/370V"},"content":{"rendered":"<h2>Descripci\u00f3n<\/h2>\n<p>La gama de capacitores de marcha son fabricados asegurando su calidad, que cuenten con un mejor desempe\u00f1o y mayor durabilidad.<\/p>\n<p>Cuentan con la protecci\u00f3n P2, el cu\u00e1l\u00a0esta dise\u00f1ado para fallar solo en un estado de circuito abierto, no suelta l\u00edquidos y es ign\u00edfugo o a prueba de explosiones.<\/p>\n<p>Tambi\u00e9n trabaja con Aceite Vegetal, por lo que ofrece un mejor desempe\u00f1o en su funcionamiento, no es toxico y no da\u00f1a el medio ambiente.<\/p>\n","protected":false},"excerpt":{"rendered":"<p>Descripci\u00f3n La gama de capacitores de marcha son fabricados asegurando su calidad, que cuenten con un mejor desempe\u00f1o y mayor durabilidad. Cuentan con la protecci\u00f3n P2, el cu\u00e1l\u00a0esta dise\u00f1ado para fallar solo en un estado de circuito abierto, no suelta l\u00edquidos y es ign\u00edfugo o a prueba de explosiones. Tambi\u00e9n trabaja con Aceite Vegetal, por [&hellip;]<\/p>\n","protected":false},"featured_media":3408,"comment_status":"closed","ping_status":"closed","template":"","meta":[],"product_cat":[113],"product_tag":[],"_links":{"self":[{"href":"https:\/\/avarci.mx\/index.php?rest_route=\/wp\/v2\/product\/2999"}],"collection":[{"href":"https:\/\/avarci.mx\/index.php?rest_route=\/wp\/v2\/product"}],"about":[{"href":"https:\/\/avarci.mx\/index.php?rest_route=\/wp\/v2\/types\/product"}],"replies":[{"embeddable":true,"href":"https:\/\/avarci.mx\/index.php?rest_route=%2Fwp%2Fv2%2Fcomments&post=2999"}],"wp:featuredmedia":[{"embeddable":true,"href":"https:\/\/avarci.mx\/index.php?rest_route=\/wp\/v2\/media\/3408"}],"wp:attachment":[{"href":"https:\/\/avarci.mx\/index.php?rest_route=%2Fwp%2Fv2%2Fmedia&parent=2999"}],"wp:term":[{"taxonomy":"product_cat","embeddable":true,"href":"https:\/\/avarci.mx\/index.php?rest_route=%2Fwp%2Fv2%2Fproduct_cat&post=2999"},{"taxonomy":"product_tag","embeddable":true,"href":"https:\/\/avarci.mx\/index.php?rest_route=%2Fwp%2Fv2%2Fproduct_tag&post=2999"}],"curies":[{"name":"wp","href":"https:\/\/api.w.org\/{rel}","templated":true}]}}