{"id":3005,"date":"2019-08-23T17:25:03","date_gmt":"2019-08-23T23:25:03","guid":{"rendered":"http:\/\/avarci.mx\/?post_type=product&#038;p=3005"},"modified":"2022-10-24T17:20:14","modified_gmt":"2022-10-24T23:20:14","slug":"balero-para-motor-608-2rs","status":"publish","type":"product","link":"https:\/\/avarci.mx\/?product=balero-para-motor-608-2rs","title":{"rendered":"BALERO PARA MOTOR 608-2RS"},"content":{"rendered":"<h2>Descripci\u00f3n<\/h2>\n<p>Est\u00e1n dise\u00f1ados para trabajar con altas velocidades de giro y poco ruido, t\u00e9cnicamente se diferencia entre otros baleros por estar compuesto por un solo aro interior.<\/p>\n<p>\u00a0<\/p>\n<p>\u00a0<\/p>\n","protected":false},"excerpt":{"rendered":"<p>Descripci\u00f3n Est\u00e1n dise\u00f1ados para trabajar con altas velocidades de giro y poco ruido, t\u00e9cnicamente se diferencia entre otros baleros por estar compuesto por un solo aro interior. \u00a0 \u00a0<\/p>\n","protected":false},"featured_media":3403,"comment_status":"closed","ping_status":"closed","template":"","meta":[],"product_cat":[130],"product_tag":[],"_links":{"self":[{"href":"https:\/\/avarci.mx\/index.php?rest_route=\/wp\/v2\/product\/3005"}],"collection":[{"href":"https:\/\/avarci.mx\/index.php?rest_route=\/wp\/v2\/product"}],"about":[{"href":"https:\/\/avarci.mx\/index.php?rest_route=\/wp\/v2\/types\/product"}],"replies":[{"embeddable":true,"href":"https:\/\/avarci.mx\/index.php?rest_route=%2Fwp%2Fv2%2Fcomments&post=3005"}],"wp:featuredmedia":[{"embeddable":true,"href":"https:\/\/avarci.mx\/index.php?rest_route=\/wp\/v2\/media\/3403"}],"wp:attachment":[{"href":"https:\/\/avarci.mx\/index.php?rest_route=%2Fwp%2Fv2%2Fmedia&parent=3005"}],"wp:term":[{"taxonomy":"product_cat","embeddable":true,"href":"https:\/\/avarci.mx\/index.php?rest_route=%2Fwp%2Fv2%2Fproduct_cat&post=3005"},{"taxonomy":"product_tag","embeddable":true,"href":"https:\/\/avarci.mx\/index.php?rest_route=%2Fwp%2Fv2%2Fproduct_tag&post=3005"}],"curies":[{"name":"wp","href":"https:\/\/api.w.org\/{rel}","templated":true}]}}