{"id":3085,"date":"2020-03-24T17:37:28","date_gmt":"2020-03-24T23:37:28","guid":{"rendered":"http:\/\/avarci.mx\/?post_type=product&#038;p=3085"},"modified":"2022-10-24T17:17:20","modified_gmt":"2022-10-24T23:17:20","slug":"control-universal-de-4000-codigos","status":"publish","type":"product","link":"https:\/\/avarci.mx\/?product=control-universal-de-4000-codigos","title":{"rendered":"Control Universal de 4000 Codigos"},"content":{"rendered":"<p>AV-4000 integra m\u00e1s de 100 marcas con 4000 modelos en un control remoto. Puede presionar las teclas num\u00e9ricas (1-9) para el c\u00f3digo requerido directamente, tiene precisi\u00f3n reloj, temporizador de encendido \/ apagado, memoria permanente y una funci\u00f3n de \u201cenfriamiento y calor r\u00e1pidos\u201d conveniente para su uso.<\/p>\n<p>Tambi\u00e9n cuenta con una pantalla LCD para una lectura mas f\u00e1cil de las operaciones e iluminaci\u00f3n.<\/p>\n<p>\u00a0<\/p>\n","protected":false},"excerpt":{"rendered":"<p>Reemplazo de control remoto de minisplits y ventana para todas las marcas.<\/p>\n<p>&nbsp;<\/p>\n<p>&nbsp;<\/p>\n<p>&nbsp;<\/p>\n<p>&nbsp;<\/p>\n","protected":false},"featured_media":3393,"comment_status":"closed","ping_status":"closed","template":"","meta":[],"product_cat":[135],"product_tag":[],"_links":{"self":[{"href":"https:\/\/avarci.mx\/index.php?rest_route=\/wp\/v2\/product\/3085"}],"collection":[{"href":"https:\/\/avarci.mx\/index.php?rest_route=\/wp\/v2\/product"}],"about":[{"href":"https:\/\/avarci.mx\/index.php?rest_route=\/wp\/v2\/types\/product"}],"replies":[{"embeddable":true,"href":"https:\/\/avarci.mx\/index.php?rest_route=%2Fwp%2Fv2%2Fcomments&post=3085"}],"wp:featuredmedia":[{"embeddable":true,"href":"https:\/\/avarci.mx\/index.php?rest_route=\/wp\/v2\/media\/3393"}],"wp:attachment":[{"href":"https:\/\/avarci.mx\/index.php?rest_route=%2Fwp%2Fv2%2Fmedia&parent=3085"}],"wp:term":[{"taxonomy":"product_cat","embeddable":true,"href":"https:\/\/avarci.mx\/index.php?rest_route=%2Fwp%2Fv2%2Fproduct_cat&post=3085"},{"taxonomy":"product_tag","embeddable":true,"href":"https:\/\/avarci.mx\/index.php?rest_route=%2Fwp%2Fv2%2Fproduct_tag&post=3085"}],"curies":[{"name":"wp","href":"https:\/\/api.w.org\/{rel}","templated":true}]}}