{"id":3087,"date":"2020-03-24T17:57:11","date_gmt":"2020-03-24T23:57:11","guid":{"rendered":"http:\/\/avarci.mx\/?post_type=product&#038;p=3087"},"modified":"2022-10-24T17:16:20","modified_gmt":"2022-10-24T23:16:20","slug":"cubierta-de-limpieza-de-24000-btus-a-36000-btus","status":"publish","type":"product","link":"https:\/\/avarci.mx\/?product=cubierta-de-limpieza-de-24000-btus-a-36000-btus","title":{"rendered":"Cubierta de Limpieza de 24,000 Btus a 36,000 Btus"},"content":{"rendered":"<h2><strong>Descripci\u00f3n\u00a0<\/strong><\/h2>\n<p>El tama\u00f1o es adecuado para circunferencias de menos de 2.4 Y 3.2 metros desde el aire acondicionado.<br \/>\nTejido de protecci\u00f3n ambiental no t\u00f3xico ins\u00edpido.<br \/>\n\u00b7Salida de tipo externo.<br \/>\n\u00b7Excelente tecnolog\u00eda de costura.<br \/>\n\u00b7La tela y el revestimiento son ambos materiales impermeables.<\/p>\n<p>\u00a0<\/p>\n","protected":false},"excerpt":{"rendered":"<p>Reemplazo de control remoto de minisplits y ventana para todas las marcas.<\/p>\n<p>&nbsp;<\/p>\n<p>&nbsp;<\/p>\n<p>&nbsp;<\/p>\n<p>&nbsp;<\/p>\n","protected":false},"featured_media":3392,"comment_status":"closed","ping_status":"closed","template":"","meta":[],"product_cat":[116],"product_tag":[],"_links":{"self":[{"href":"https:\/\/avarci.mx\/index.php?rest_route=\/wp\/v2\/product\/3087"}],"collection":[{"href":"https:\/\/avarci.mx\/index.php?rest_route=\/wp\/v2\/product"}],"about":[{"href":"https:\/\/avarci.mx\/index.php?rest_route=\/wp\/v2\/types\/product"}],"replies":[{"embeddable":true,"href":"https:\/\/avarci.mx\/index.php?rest_route=%2Fwp%2Fv2%2Fcomments&post=3087"}],"wp:featuredmedia":[{"embeddable":true,"href":"https:\/\/avarci.mx\/index.php?rest_route=\/wp\/v2\/media\/3392"}],"wp:attachment":[{"href":"https:\/\/avarci.mx\/index.php?rest_route=%2Fwp%2Fv2%2Fmedia&parent=3087"}],"wp:term":[{"taxonomy":"product_cat","embeddable":true,"href":"https:\/\/avarci.mx\/index.php?rest_route=%2Fwp%2Fv2%2Fproduct_cat&post=3087"},{"taxonomy":"product_tag","embeddable":true,"href":"https:\/\/avarci.mx\/index.php?rest_route=%2Fwp%2Fv2%2Fproduct_tag&post=3087"}],"curies":[{"name":"wp","href":"https:\/\/api.w.org\/{rel}","templated":true}]}}