{"id":3091,"date":"2020-03-25T09:48:59","date_gmt":"2020-03-25T15:48:59","guid":{"rendered":"http:\/\/avarci.mx\/?post_type=product&#038;p=3091"},"modified":"2022-10-24T16:49:28","modified_gmt":"2022-10-24T22:49:28","slug":"cortador-de-tubo","status":"publish","type":"product","link":"https:\/\/avarci.mx\/?product=cortador-de-tubo","title":{"rendered":"CORTADOR DE TUBO"},"content":{"rendered":"<p>CORTA TUBO 4-28mm 1\/8\u2033 \u2013 1 1\/8\u2033<\/p>\n<p>Cortadores de tubo incluyen herramienta de desbarbado interna es una herramientas resistente y de alta calidad ideal para cortes en cobre, aluminio y dem\u00e1s metales blandos (pl\u00e1sticos) con facilidad tambi\u00e9n perilla de tornillo para precisi\u00f3n, contamos con otros tres modelos diferentes de cortador para elegir.<\/p>\n","protected":false},"excerpt":{"rendered":"<p>Reemplazo de control remoto de minisplits y ventana para todas las marcas.<\/p>\n<p>&nbsp;<\/p>\n<p>&nbsp;<\/p>\n<p>&nbsp;<\/p>\n<p>&nbsp;<\/p>\n","protected":false},"featured_media":3386,"comment_status":"closed","ping_status":"closed","template":"","meta":[],"product_cat":[120],"product_tag":[],"_links":{"self":[{"href":"https:\/\/avarci.mx\/index.php?rest_route=\/wp\/v2\/product\/3091"}],"collection":[{"href":"https:\/\/avarci.mx\/index.php?rest_route=\/wp\/v2\/product"}],"about":[{"href":"https:\/\/avarci.mx\/index.php?rest_route=\/wp\/v2\/types\/product"}],"replies":[{"embeddable":true,"href":"https:\/\/avarci.mx\/index.php?rest_route=%2Fwp%2Fv2%2Fcomments&post=3091"}],"wp:featuredmedia":[{"embeddable":true,"href":"https:\/\/avarci.mx\/index.php?rest_route=\/wp\/v2\/media\/3386"}],"wp:attachment":[{"href":"https:\/\/avarci.mx\/index.php?rest_route=%2Fwp%2Fv2%2Fmedia&parent=3091"}],"wp:term":[{"taxonomy":"product_cat","embeddable":true,"href":"https:\/\/avarci.mx\/index.php?rest_route=%2Fwp%2Fv2%2Fproduct_cat&post=3091"},{"taxonomy":"product_tag","embeddable":true,"href":"https:\/\/avarci.mx\/index.php?rest_route=%2Fwp%2Fv2%2Fproduct_tag&post=3091"}],"curies":[{"name":"wp","href":"https:\/\/api.w.org\/{rel}","templated":true}]}}