{"id":3093,"date":"2020-03-25T10:52:11","date_gmt":"2020-03-25T16:52:11","guid":{"rendered":"http:\/\/avarci.mx\/?post_type=product&#038;p=3093"},"modified":"2022-10-24T17:13:59","modified_gmt":"2022-10-24T23:13:59","slug":"cople-adaptador-alta-baja","status":"publish","type":"product","link":"https:\/\/avarci.mx\/?product=cople-adaptador-alta-baja","title":{"rendered":"Cople Adaptador Alta\/Baja R-134"},"content":{"rendered":"<p>\u00b7Adaptador de acoplador r\u00e1pido R134 A\/C bajo\/alto.<br \/>\n\u00b7Ajuste lateral para conjunto de man\u00f3metros de aire acondicionado (R-134A).<br \/>\n\u00b7Hecho de material de lat\u00f3n de primera calidad, resistente a la corrosi\u00f3n y a la corrosi\u00f3n.<br \/>\n\u00b7Fabricaci\u00f3n de precisi\u00f3n. Buena estanqueidad al aire, segura y fiable.<br \/>\nTama\u00f1o: 50 x 30 x 65 mm<\/p>\n","protected":false},"excerpt":{"rendered":"<p>Reemplazo de control remoto de minisplits y ventana para todas las marcas.<\/p>\n<p>&nbsp;<\/p>\n<p>&nbsp;<\/p>\n<p>&nbsp;<\/p>\n<p>&nbsp;<\/p>\n","protected":false},"featured_media":3389,"comment_status":"closed","ping_status":"closed","template":"","meta":[],"product_cat":[116],"product_tag":[],"_links":{"self":[{"href":"https:\/\/avarci.mx\/index.php?rest_route=\/wp\/v2\/product\/3093"}],"collection":[{"href":"https:\/\/avarci.mx\/index.php?rest_route=\/wp\/v2\/product"}],"about":[{"href":"https:\/\/avarci.mx\/index.php?rest_route=\/wp\/v2\/types\/product"}],"replies":[{"embeddable":true,"href":"https:\/\/avarci.mx\/index.php?rest_route=%2Fwp%2Fv2%2Fcomments&post=3093"}],"wp:featuredmedia":[{"embeddable":true,"href":"https:\/\/avarci.mx\/index.php?rest_route=\/wp\/v2\/media\/3389"}],"wp:attachment":[{"href":"https:\/\/avarci.mx\/index.php?rest_route=%2Fwp%2Fv2%2Fmedia&parent=3093"}],"wp:term":[{"taxonomy":"product_cat","embeddable":true,"href":"https:\/\/avarci.mx\/index.php?rest_route=%2Fwp%2Fv2%2Fproduct_cat&post=3093"},{"taxonomy":"product_tag","embeddable":true,"href":"https:\/\/avarci.mx\/index.php?rest_route=%2Fwp%2Fv2%2Fproduct_tag&post=3093"}],"curies":[{"name":"wp","href":"https:\/\/api.w.org\/{rel}","templated":true}]}}