{"id":3184,"date":"2021-01-04T13:57:14","date_gmt":"2021-01-04T19:57:14","guid":{"rendered":"http:\/\/avarci.mx\/?post_type=product&#038;p=3184"},"modified":"2022-10-24T17:10:56","modified_gmt":"2022-10-24T23:10:56","slug":"cinta-momia-de-pvc","status":"publish","type":"product","link":"https:\/\/avarci.mx\/?product=cinta-momia-de-pvc","title":{"rendered":"CINTA MOMIA DE PVC"},"content":{"rendered":"<p>Cinta momia de PVC para sistemas de aire acondicionado.<br \/>\nNo cuenta con adhesivo, para revestimiento de conductos de<br \/>\nrefrigeraci\u00f3n, es flexible y confortable. Es de f\u00e1cil corte y<br \/>\ntiene excelente resistencia a la exposici\u00f3n de la intemperie.<br \/>\n\u2022 Espesor: 0.18mm<br \/>\n\u2022 Medidas: 5cm x 15cm.<\/p>\n<p>\u00a0<\/p>\n<p>\u00a0<\/p>\n","protected":false},"excerpt":{"rendered":"<p>Cinta momia de PVC para sistemas de aire acondicionado. No cuenta con adhesivo, para revestimiento de conductos de refrigeraci\u00f3n, es flexible y confortable. Es de f\u00e1cil corte y tiene excelente resistencia a la exposici\u00f3n de la intemperie. \u2022 Espesor: 0.18mm \u2022 Medidas: 5cm x 15cm. \u00a0 \u00a0<\/p>\n","protected":false},"featured_media":3413,"comment_status":"closed","ping_status":"closed","template":"","meta":[],"product_cat":[116],"product_tag":[],"_links":{"self":[{"href":"https:\/\/avarci.mx\/index.php?rest_route=\/wp\/v2\/product\/3184"}],"collection":[{"href":"https:\/\/avarci.mx\/index.php?rest_route=\/wp\/v2\/product"}],"about":[{"href":"https:\/\/avarci.mx\/index.php?rest_route=\/wp\/v2\/types\/product"}],"replies":[{"embeddable":true,"href":"https:\/\/avarci.mx\/index.php?rest_route=%2Fwp%2Fv2%2Fcomments&post=3184"}],"wp:featuredmedia":[{"embeddable":true,"href":"https:\/\/avarci.mx\/index.php?rest_route=\/wp\/v2\/media\/3413"}],"wp:attachment":[{"href":"https:\/\/avarci.mx\/index.php?rest_route=%2Fwp%2Fv2%2Fmedia&parent=3184"}],"wp:term":[{"taxonomy":"product_cat","embeddable":true,"href":"https:\/\/avarci.mx\/index.php?rest_route=%2Fwp%2Fv2%2Fproduct_cat&post=3184"},{"taxonomy":"product_tag","embeddable":true,"href":"https:\/\/avarci.mx\/index.php?rest_route=%2Fwp%2Fv2%2Fproduct_tag&post=3184"}],"curies":[{"name":"wp","href":"https:\/\/api.w.org\/{rel}","templated":true}]}}