{"id":3196,"date":"2021-01-05T10:22:21","date_gmt":"2021-01-05T16:22:21","guid":{"rendered":"http:\/\/avarci.mx\/?post_type=product&#038;p=3196"},"modified":"2022-10-24T16:59:50","modified_gmt":"2022-10-24T22:59:50","slug":"turbina-para-minisplit-64cm10cm","status":"publish","type":"product","link":"https:\/\/avarci.mx\/?product=turbina-para-minisplit-64cm10cm","title":{"rendered":"TURBINA PARA MINISPLIT 64CM*10CM"},"content":{"rendered":"<h3>La turbina viene balanceada de f\u00e1brica con unas u\u00f1as met\u00e1licas que van fijadas a las paletas que impulsan el aire las<br \/>\ncuales no deben ser removidas ni cambiadas de su posici\u00f3n por ning\u00fan motivo, es necesario que permanezca balanceada ya que al girar si no lo est\u00e1 vibrara mucho y causara desajuste en el equipo y da\u00f1os al motor que la impulsa.<\/h3>\n","protected":false},"excerpt":{"rendered":"<p>&nbsp;<\/p>\n<p>&nbsp;<\/p>\n<p>&nbsp;<\/p>\n<p>&nbsp;<\/p>\n<p>&nbsp;<\/p>\n","protected":false},"featured_media":3390,"comment_status":"closed","ping_status":"closed","template":"","meta":[],"product_cat":[123],"product_tag":[],"_links":{"self":[{"href":"https:\/\/avarci.mx\/index.php?rest_route=\/wp\/v2\/product\/3196"}],"collection":[{"href":"https:\/\/avarci.mx\/index.php?rest_route=\/wp\/v2\/product"}],"about":[{"href":"https:\/\/avarci.mx\/index.php?rest_route=\/wp\/v2\/types\/product"}],"replies":[{"embeddable":true,"href":"https:\/\/avarci.mx\/index.php?rest_route=%2Fwp%2Fv2%2Fcomments&post=3196"}],"wp:featuredmedia":[{"embeddable":true,"href":"https:\/\/avarci.mx\/index.php?rest_route=\/wp\/v2\/media\/3390"}],"wp:attachment":[{"href":"https:\/\/avarci.mx\/index.php?rest_route=%2Fwp%2Fv2%2Fmedia&parent=3196"}],"wp:term":[{"taxonomy":"product_cat","embeddable":true,"href":"https:\/\/avarci.mx\/index.php?rest_route=%2Fwp%2Fv2%2Fproduct_cat&post=3196"},{"taxonomy":"product_tag","embeddable":true,"href":"https:\/\/avarci.mx\/index.php?rest_route=%2Fwp%2Fv2%2Fproduct_tag&post=3196"}],"curies":[{"name":"wp","href":"https:\/\/api.w.org\/{rel}","templated":true}]}}