{"id":3243,"date":"2021-01-19T13:04:43","date_gmt":"2021-01-19T19:04:43","guid":{"rendered":"http:\/\/avarci.mx\/?post_type=product&#038;p=3243"},"modified":"2022-10-24T16:55:13","modified_gmt":"2022-10-24T22:55:13","slug":"manonetro-electronico-rojo","status":"publish","type":"product","link":"https:\/\/avarci.mx\/?product=manonetro-electronico-rojo","title":{"rendered":"MAN\u00d3NETRO ELECTR\u00d3NICO ROJO"},"content":{"rendered":"<p>El medidor digital de presi\u00f3n de refrigerante se fabrica con el \u00faltimo controlador de microordenador, convertidor AD de 24 bits y sensor de presi\u00f3n de alta precisi\u00f3n. Puede medir con precisi\u00f3n la presi\u00f3n de gas, l\u00edquido y medir la presi\u00f3n de vac\u00edo. Contiene los par\u00e1metros de presi\u00f3n y temperatura del refrigerante com\u00fan, y los par\u00e1metros medidos como la presi\u00f3n, la temperatura de condensaci\u00f3n y la temperatura de evaporaci\u00f3n del sistema de refrigeraci\u00f3n son claros de un vistazo.<\/p>\n<p>\u00a0<\/p>\n","protected":false},"excerpt":{"rendered":"<p>El medidor digital de presi\u00f3n de refrigerante se fabrica con el \u00faltimo controlador de microordenador, convertidor AD de 24 bits y sensor de presi\u00f3n de alta precisi\u00f3n. Puede medir con precisi\u00f3n la presi\u00f3n de gas, l\u00edquido y medir la presi\u00f3n de vac\u00edo. Contiene los par\u00e1metros de presi\u00f3n y temperatura del refrigerante com\u00fan, y los par\u00e1metros [&hellip;]<\/p>\n","protected":false},"featured_media":3406,"comment_status":"closed","ping_status":"closed","template":"","meta":[],"product_cat":[124],"product_tag":[],"_links":{"self":[{"href":"https:\/\/avarci.mx\/index.php?rest_route=\/wp\/v2\/product\/3243"}],"collection":[{"href":"https:\/\/avarci.mx\/index.php?rest_route=\/wp\/v2\/product"}],"about":[{"href":"https:\/\/avarci.mx\/index.php?rest_route=\/wp\/v2\/types\/product"}],"replies":[{"embeddable":true,"href":"https:\/\/avarci.mx\/index.php?rest_route=%2Fwp%2Fv2%2Fcomments&post=3243"}],"wp:featuredmedia":[{"embeddable":true,"href":"https:\/\/avarci.mx\/index.php?rest_route=\/wp\/v2\/media\/3406"}],"wp:attachment":[{"href":"https:\/\/avarci.mx\/index.php?rest_route=%2Fwp%2Fv2%2Fmedia&parent=3243"}],"wp:term":[{"taxonomy":"product_cat","embeddable":true,"href":"https:\/\/avarci.mx\/index.php?rest_route=%2Fwp%2Fv2%2Fproduct_cat&post=3243"},{"taxonomy":"product_tag","embeddable":true,"href":"https:\/\/avarci.mx\/index.php?rest_route=%2Fwp%2Fv2%2Fproduct_tag&post=3243"}],"curies":[{"name":"wp","href":"https:\/\/api.w.org\/{rel}","templated":true}]}}