{"id":3288,"date":"2021-01-30T14:45:52","date_gmt":"2021-01-30T20:45:52","guid":{"rendered":"http:\/\/avarci.mx\/?post_type=product&#038;p=3288"},"modified":"2022-10-24T16:53:48","modified_gmt":"2022-10-24T22:53:48","slug":"tuerca-conica-de-3-8","status":"publish","type":"product","link":"https:\/\/avarci.mx\/?product=tuerca-conica-de-3-8","title":{"rendered":"Tuerca C\u00f3nica de 3\/8"},"content":{"rendered":"<p>Tuerca corta c\u00f3nica de lat\u00f3n para conexiones a gas, puede ensamblarse y desensamblarse otra vez, es adecuada para<br \/>\nuso en tuber\u00eda de pared delgada.<br \/>\n\u2022 Resiste la extracci\u00f3n mec\u00e1nica.<br \/>\n\u2022 Cumple con los requisitos funcionales de SAE J512 y J513.<\/p>\n","protected":false},"excerpt":{"rendered":"<p>Tuerca corta c\u00f3nica de lat\u00f3n para conexiones a gas, puede ensamblarse y desensamblarse otra vez, es adecuada para uso en tuber\u00eda de pared delgada. \u2022 Resiste la extracci\u00f3n mec\u00e1nica. \u2022 Cumple con los requisitos funcionales de SAE J512 y J513.<\/p>\n","protected":false},"featured_media":3421,"comment_status":"closed","ping_status":"closed","template":"","meta":[],"product_cat":[131],"product_tag":[],"_links":{"self":[{"href":"https:\/\/avarci.mx\/index.php?rest_route=\/wp\/v2\/product\/3288"}],"collection":[{"href":"https:\/\/avarci.mx\/index.php?rest_route=\/wp\/v2\/product"}],"about":[{"href":"https:\/\/avarci.mx\/index.php?rest_route=\/wp\/v2\/types\/product"}],"replies":[{"embeddable":true,"href":"https:\/\/avarci.mx\/index.php?rest_route=%2Fwp%2Fv2%2Fcomments&post=3288"}],"wp:featuredmedia":[{"embeddable":true,"href":"https:\/\/avarci.mx\/index.php?rest_route=\/wp\/v2\/media\/3421"}],"wp:attachment":[{"href":"https:\/\/avarci.mx\/index.php?rest_route=%2Fwp%2Fv2%2Fmedia&parent=3288"}],"wp:term":[{"taxonomy":"product_cat","embeddable":true,"href":"https:\/\/avarci.mx\/index.php?rest_route=%2Fwp%2Fv2%2Fproduct_cat&post=3288"},{"taxonomy":"product_tag","embeddable":true,"href":"https:\/\/avarci.mx\/index.php?rest_route=%2Fwp%2Fv2%2Fproduct_tag&post=3288"}],"curies":[{"name":"wp","href":"https:\/\/api.w.org\/{rel}","templated":true}]}}