{"id":3292,"date":"2021-01-30T14:52:03","date_gmt":"2021-01-30T20:52:03","guid":{"rendered":"http:\/\/avarci.mx\/?post_type=product&#038;p=3292"},"modified":"2022-10-24T16:51:42","modified_gmt":"2022-10-24T22:51:42","slug":"niple-de-laton-de-3-8","status":"publish","type":"product","link":"https:\/\/avarci.mx\/?product=niple-de-laton-de-3-8","title":{"rendered":"Niple de Lat\u00f3n de 3\/8"},"content":{"rendered":"<p>Niple uni\u00f3n tipo macho de punta abocinada 45\u00b0 fabricado en lat\u00f3n para m\u00faltiples aplicaciones hidr\u00e1ulicas, gas, refrigeraci\u00f3n y m\u00e1s.<\/p>\n<ul>\n<li>Presi\u00f3n 2800 psi.<\/li>\n<li>Conexiones 3\/8 x 3\/8 pulg.<\/li>\n<\/ul>\n","protected":false},"excerpt":{"rendered":"<p>Niple uni\u00f3n tipo macho de punta abocinada 45\u00b0 fabricado en lat\u00f3n para m\u00faltiples aplicaciones hidr\u00e1ulicas, gas, refrigeraci\u00f3n y m\u00e1s. Presi\u00f3n 2800 psi. Conexiones 3\/8 x 3\/8 pulg.<\/p>\n","protected":false},"featured_media":3419,"comment_status":"closed","ping_status":"closed","template":"","meta":[],"product_cat":[132],"product_tag":[],"_links":{"self":[{"href":"https:\/\/avarci.mx\/index.php?rest_route=\/wp\/v2\/product\/3292"}],"collection":[{"href":"https:\/\/avarci.mx\/index.php?rest_route=\/wp\/v2\/product"}],"about":[{"href":"https:\/\/avarci.mx\/index.php?rest_route=\/wp\/v2\/types\/product"}],"replies":[{"embeddable":true,"href":"https:\/\/avarci.mx\/index.php?rest_route=%2Fwp%2Fv2%2Fcomments&post=3292"}],"wp:featuredmedia":[{"embeddable":true,"href":"https:\/\/avarci.mx\/index.php?rest_route=\/wp\/v2\/media\/3419"}],"wp:attachment":[{"href":"https:\/\/avarci.mx\/index.php?rest_route=%2Fwp%2Fv2%2Fmedia&parent=3292"}],"wp:term":[{"taxonomy":"product_cat","embeddable":true,"href":"https:\/\/avarci.mx\/index.php?rest_route=%2Fwp%2Fv2%2Fproduct_cat&post=3292"},{"taxonomy":"product_tag","embeddable":true,"href":"https:\/\/avarci.mx\/index.php?rest_route=%2Fwp%2Fv2%2Fproduct_tag&post=3292"}],"curies":[{"name":"wp","href":"https:\/\/api.w.org\/{rel}","templated":true}]}}