{"id":3300,"date":"2021-05-15T10:13:08","date_gmt":"2021-05-15T16:13:08","guid":{"rendered":"http:\/\/avarci.mx\/?post_type=product&#038;p=3300"},"modified":"2022-10-24T16:41:22","modified_gmt":"2022-10-24T22:41:22","slug":"kit-de-instalacion-de-1-4-5-8","status":"publish","type":"product","link":"https:\/\/avarci.mx\/?product=kit-de-instalacion-de-1-4-5-8","title":{"rendered":"KIT DE INSTALACI\u00d3N DE 1\/4&#8243; + 5\/8&#8243;"},"content":{"rendered":"<h2>Descripci\u00f3n<\/h2>\n<p>Los kits de instalaci\u00f3n AVARCI, est\u00e1n dise\u00f1ados para\u00a0 Minisplit desde 1 toneladas hacia delante.<\/p>\n<ul>\n<li>Tuber\u00eda de aluminio con puntas de Cobre. (Aleaci\u00f3n Cobre-Aluminio)<\/li>\n<li>Recubrimiento de Vinil especial.<\/li>\n<li>Longitud de 4 metros<\/li>\n<\/ul>\n<p>\u00a0<\/p>\n","protected":false},"excerpt":{"rendered":"<p>Descripci\u00f3n Los kits de instalaci\u00f3n AVARCI, est\u00e1n dise\u00f1ados para\u00a0 Minisplit desde 1 toneladas hacia delante. Tuber\u00eda de aluminio con puntas de Cobre. (Aleaci\u00f3n Cobre-Aluminio) Recubrimiento de Vinil especial. Longitud de 4 metros \u00a0<\/p>\n","protected":false},"featured_media":3353,"comment_status":"closed","ping_status":"closed","template":"","meta":[],"product_cat":[134],"product_tag":[],"_links":{"self":[{"href":"https:\/\/avarci.mx\/index.php?rest_route=\/wp\/v2\/product\/3300"}],"collection":[{"href":"https:\/\/avarci.mx\/index.php?rest_route=\/wp\/v2\/product"}],"about":[{"href":"https:\/\/avarci.mx\/index.php?rest_route=\/wp\/v2\/types\/product"}],"replies":[{"embeddable":true,"href":"https:\/\/avarci.mx\/index.php?rest_route=%2Fwp%2Fv2%2Fcomments&post=3300"}],"wp:featuredmedia":[{"embeddable":true,"href":"https:\/\/avarci.mx\/index.php?rest_route=\/wp\/v2\/media\/3353"}],"wp:attachment":[{"href":"https:\/\/avarci.mx\/index.php?rest_route=%2Fwp%2Fv2%2Fmedia&parent=3300"}],"wp:term":[{"taxonomy":"product_cat","embeddable":true,"href":"https:\/\/avarci.mx\/index.php?rest_route=%2Fwp%2Fv2%2Fproduct_cat&post=3300"},{"taxonomy":"product_tag","embeddable":true,"href":"https:\/\/avarci.mx\/index.php?rest_route=%2Fwp%2Fv2%2Fproduct_tag&post=3300"}],"curies":[{"name":"wp","href":"https:\/\/api.w.org\/{rel}","templated":true}]}}